{"id":293,"date":"2025-08-04T20:59:25","date_gmt":"2025-08-04T20:59:25","guid":{"rendered":"https:\/\/global-part.com\/?page_id=293"},"modified":"2025-08-28T16:31:18","modified_gmt":"2025-08-28T16:31:18","slug":"shipment","status":"publish","type":"page","link":"https:\/\/global-part.com\/tr\/shipment\/","title":{"rendered":"Shipment"},"content":{"rendered":"\t\t<div data-elementor-type=\"wp-page\" data-elementor-id=\"293\" class=\"elementor elementor-293\" data-elementor-post-type=\"page\">\n\t\t\t\t<div data-particle_enable=\"false\" data-particle-mobile-disabled=\"false\" class=\"elementor-element elementor-element-f8b3ddf e-con-full e-flex e-con e-parent\" data-id=\"f8b3ddf\" data-element_type=\"container\" data-e-type=\"container\">\n\t\t\t\t<div class=\"elementor-element elementor-element-8e61847 elementor-widget elementor-widget-image\" data-id=\"8e61847\" data-element_type=\"widget\" data-e-type=\"widget\" data-widget_type=\"image.default\">\n\t\t\t\t\t\t\t\t\t\t\t\t\t\t\t<img fetchpriority=\"high\" decoding=\"async\" width=\"1000\" height=\"532\" src=\"https:\/\/global-part.com\/tr\/wp-content\/uploads\/2025\/08\/shipment.jpg\" class=\"attachment-full size-full wp-image-295\" alt=\"\" srcset=\"https:\/\/global-part.com\/tr\/wp-content\/uploads\/2025\/08\/shipment.jpg 1000w, https:\/\/global-part.com\/tr\/wp-content\/uploads\/2025\/08\/shipment-300x160.jpg 300w, https:\/\/global-part.com\/tr\/wp-content\/uploads\/2025\/08\/shipment-768x409.jpg 768w\" sizes=\"(max-width: 1000px) 100vw, 1000px\" \/>\t\t\t\t\t\t\t\t\t\t\t\t\t\t\t<\/div>\n\t\t\t\t<\/div>\n\t\t<div data-particle_enable=\"false\" data-particle-mobile-disabled=\"false\" class=\"elementor-element elementor-element-8b2e3a8 e-flex e-con-boxed e-con e-parent\" data-id=\"8b2e3a8\" data-element_type=\"container\" data-e-type=\"container\">\n\t\t\t\t\t<div class=\"e-con-inner\">\n\t\t<div data-particle_enable=\"false\" data-particle-mobile-disabled=\"false\" class=\"elementor-element elementor-element-e87881b e-con-full e-flex e-con e-child\" data-id=\"e87881b\" data-element_type=\"container\" data-e-type=\"container\" data-settings=\"{&quot;background_background&quot;:&quot;classic&quot;}\">\n\t\t\t\t<div class=\"elementor-element elementor-element-04ef4e9 elementor-widget elementor-widget-heading\" data-id=\"04ef4e9\" data-element_type=\"widget\" data-e-type=\"widget\" data-widget_type=\"heading.default\">\n\t\t\t\t\t<h2 class=\"elementor-heading-title elementor-size-default\">Sevkiyat Y\u00f6ntemi\n<\/h2>\t\t\t\t<\/div>\n\t\t\t\t<div class=\"elementor-element elementor-element-5dfedf5 elementor-widget elementor-widget-text-editor\" data-id=\"5dfedf5\" data-element_type=\"widget\" data-e-type=\"widget\" data-widget_type=\"text-editor.default\">\n\t\t\t\t\t\t\t\t\t<p>K\u00fcresel Sevkiyat Y\u00f6ntemleri D\u00fcnyan\u0131n d\u00f6rt bir yan\u0131ndaki m\u00fc\u015fterilerimize g\u00fcvenilir ve esnek g\u00f6nderim se\u00e7enekleri sunmaktan gurur duyuyoruz. \u0130\u015fletmeniz nerede olursa olsun, sipari\u015finizin size h\u0131zl\u0131 ve g\u00fcvenli bir \u015fekilde ula\u015fmas\u0131n\u0131 sa\u011flar\u0131z.<\/p>\t\t\t\t\t\t\t\t<\/div>\n\t\t\t\t<\/div>\n\t\t\t\t\t<\/div>\n\t\t\t\t<\/div>\n\t\t<div data-particle_enable=\"false\" data-particle-mobile-disabled=\"false\" class=\"elementor-element elementor-element-2690db8 e-flex e-con-boxed e-con e-parent\" data-id=\"2690db8\" data-element_type=\"container\" data-e-type=\"container\">\n\t\t\t\t\t<div class=\"e-con-inner\">\n\t\t\t\t<div class=\"elementor-element elementor-element-9e56f97 elementor-hidden-desktop elementor-hidden-tablet elementor-widget elementor-widget-heading\" data-id=\"9e56f97\" data-element_type=\"widget\" data-e-type=\"widget\" data-widget_type=\"heading.default\">\n\t\t\t\t\t<h2 class=\"elementor-heading-title elementor-size-default\">\ud83d\udce6 Sundu\u011fumuz Sevkiyat Y\u00f6ntemleri:\n<\/h2>\t\t\t\t<\/div>\n\t\t\t\t\t<\/div>\n\t\t\t\t<\/div>\n\t\t<div data-particle_enable=\"false\" data-particle-mobile-disabled=\"false\" class=\"elementor-element elementor-element-af34bb8 e-flex e-con-boxed e-con e-parent\" data-id=\"af34bb8\" data-element_type=\"container\" data-e-type=\"container\">\n\t\t\t\t\t<div class=\"e-con-inner\">\n\t\t\t\t<div class=\"elementor-element elementor-element-e4cf0ca elementor-hidden-mobile elementor-widget elementor-widget-heading\" data-id=\"e4cf0ca\" data-element_type=\"widget\" data-e-type=\"widget\" data-widget_type=\"heading.default\">\n\t\t\t\t\t<h2 class=\"elementor-heading-title elementor-size-default\">\ud83d\udce6 Sundu\u011fumuz Sevkiyat Y\u00f6ntemleri:\n<\/h2>\t\t\t\t<\/div>\n\t\t\t\t\t<\/div>\n\t\t\t\t<\/div>\n\t\t<div data-particle_enable=\"false\" data-particle-mobile-disabled=\"false\" class=\"elementor-element elementor-element-446a2ca e-flex e-con-boxed e-con e-parent\" data-id=\"446a2ca\" data-element_type=\"container\" data-e-type=\"container\">\n\t\t\t\t\t<div class=\"e-con-inner\">\n\t\t<div data-particle_enable=\"false\" data-particle-mobile-disabled=\"false\" class=\"elementor-element elementor-element-fa359de e-con-full e-flex e-con e-child\" data-id=\"fa359de\" data-element_type=\"container\" data-e-type=\"container\" data-settings=\"{&quot;background_background&quot;:&quot;classic&quot;}\">\n\t\t\t\t<\/div>\n\t\t<div data-particle_enable=\"false\" data-particle-mobile-disabled=\"false\" class=\"elementor-element elementor-element-973d5f0 e-con-full e-flex e-con e-child\" data-id=\"973d5f0\" data-element_type=\"container\" data-e-type=\"container\">\n\t\t\t\t<div class=\"elementor-element elementor-element-1100a76 elementor-widget elementor-widget-text-editor\" data-id=\"1100a76\" data-element_type=\"widget\" data-e-type=\"widget\" data-widget_type=\"text-editor.default\">\n\t\t\t\t\t\t\t\t\t<ol><li><p>Ekspres Hava Kargo: Acil sipari\u015fler i\u00e7in h\u0131zl\u0131 ve g\u00fcvenli teslimat. Hafif, y\u00fcksek de\u011ferli \u00fcr\u00fcnler i\u00e7in idealdir. Teslimat s\u00fcreleri var\u0131\u015f noktas\u0131na ba\u011fl\u0131 olarak 2\u20137 i\u015f g\u00fcn\u00fc aras\u0131nda de\u011fi\u015fir.<\/p><\/li><li><p>Standart Hava Kargo: Orta \u00f6l\u00e7ekli g\u00f6nderiler i\u00e7in ekonomik hava ta\u015f\u0131mac\u0131l\u0131\u011f\u0131. Zaman hassasiyeti olan ancak acil olmayan teslimatlar i\u00e7in \u00f6nerilir.<\/p><\/li><li><p>Deniz Yolu (LCL &amp; FCL): B\u00fcy\u00fck veya toplu sipari\u015fler i\u00e7in m\u00fckemmeldir. \u015eunlar aras\u0131nda se\u00e7im yapabilirsiniz: LCL (parsiyel konteyner \u2013 Less than Container Load) daha k\u00fc\u00e7\u00fck hacimler i\u00e7in; FCL (komple konteyner \u2013 Full Container Load) toplu sevkiyatlar i\u00e7in. Teslimat s\u00fcreleri var\u0131\u015f liman\u0131na ba\u011fl\u0131 olarak 2\u20136 hafta aras\u0131nda de\u011fi\u015fir.<\/p><\/li><li><p>Karayolu Ta\u015f\u0131mac\u0131l\u0131\u011f\u0131: Se\u00e7ili b\u00f6lgelerde kamyon veya demiryolu ile s\u0131n\u0131r \u00f6tesi teslimat. Kom\u015fu \u00fclkeler i\u00e7in pratik bir se\u00e7enektir.<\/p><\/li><li><p>Kurye Hizmetleri (DHL, FedEx, UPS, TNT): Ger\u00e7ek zamanl\u0131 takip ile kap\u0131dan kap\u0131ya teslimat. H\u0131zl\u0131 ve g\u00fcvenli var\u0131\u015f gerektiren numuneler veya d\u00fc\u015f\u00fck hacimli g\u00f6nderiler i\u00e7in en uygunudur.<\/p><\/li><li><p>M\u00fc\u015fterinin Kendi Lojistik Firmas\u0131: Mallar\u0131n depomuzdan al\u0131nmas\u0131 i\u00e7in kendi lojistik orta\u011f\u0131n\u0131z\u0131 ayarlayabilirsiniz. Y\u00fckleme ve dok\u00fcmantasyon deste\u011finde esne\u011fiz.<\/p><\/li><\/ol>\t\t\t\t\t\t\t\t<\/div>\n\t\t\t\t<\/div>\n\t\t\t\t\t<\/div>\n\t\t\t\t<\/div>\n\t\t\t\t<\/div>\n\t\t","protected":false},"excerpt":{"rendered":"<p>Sevkiyat Y\u00f6ntemi K\u00fcresel Sevkiyat Y\u00f6ntemleri D\u00fcnyan\u0131n d\u00f6rt bir yan\u0131ndaki m\u00fc\u015fterilerimize g\u00fcvenilir ve esnek g\u00f6nderim se\u00e7enekleri sunmaktan gurur duyuyoruz. \u0130\u015fletmeniz nerede olursa olsun, sipari\u015finizin size h\u0131zl\u0131 ve g\u00fcvenli bir \u015fekilde ula\u015fmas\u0131n\u0131 sa\u011flar\u0131z. \ud83d\udce6 Sundu\u011fumuz Sevkiyat Y\u00f6ntemleri: \ud83d\udce6 Sundu\u011fumuz Sevkiyat Y\u00f6ntemleri: Ekspres Hava Kargo: Acil sipari\u015fler i\u00e7in h\u0131zl\u0131 ve g\u00fcvenli teslimat. Hafif, y\u00fcksek de\u011ferli \u00fcr\u00fcnler i\u00e7in idealdir. [&hellip;]<\/p>\n","protected":false},"author":1,"featured_media":0,"parent":0,"menu_order":0,"comment_status":"closed","ping_status":"closed","template":"","meta":{"footnotes":""},"class_list":["post-293","page","type-page","status-publish","hentry"],"_links":{"self":[{"href":"https:\/\/global-part.com\/tr\/wp-json\/wp\/v2\/pages\/293","targetHints":{"allow":["GET"]}}],"collection":[{"href":"https:\/\/global-part.com\/tr\/wp-json\/wp\/v2\/pages"}],"about":[{"href":"https:\/\/global-part.com\/tr\/wp-json\/wp\/v2\/types\/page"}],"author":[{"embeddable":true,"href":"https:\/\/global-part.com\/tr\/wp-json\/wp\/v2\/users\/1"}],"replies":[{"embeddable":true,"href":"https:\/\/global-part.com\/tr\/wp-json\/wp\/v2\/comments?post=293"}],"version-history":[{"count":37,"href":"https:\/\/global-part.com\/tr\/wp-json\/wp\/v2\/pages\/293\/revisions"}],"predecessor-version":[{"id":562,"href":"https:\/\/global-part.com\/tr\/wp-json\/wp\/v2\/pages\/293\/revisions\/562"}],"wp:attachment":[{"href":"https:\/\/global-part.com\/tr\/wp-json\/wp\/v2\/media?parent=293"}],"curies":[{"name":"wp","href":"https:\/\/api.w.org\/{rel}","templated":true}]}}