{"id":367,"date":"2025-08-05T14:49:19","date_gmt":"2025-08-05T14:49:19","guid":{"rendered":"https:\/\/global-part.com\/?page_id=367"},"modified":"2025-08-28T15:08:30","modified_gmt":"2025-08-28T15:08:30","slug":"about-us","status":"publish","type":"page","link":"https:\/\/global-part.com\/tr\/about-us\/","title":{"rendered":"About Us"},"content":{"rendered":"\t\t<div data-elementor-type=\"wp-page\" data-elementor-id=\"367\" class=\"elementor elementor-367\" data-elementor-post-type=\"page\">\n\t\t\t\t<div data-particle_enable=\"false\" data-particle-mobile-disabled=\"false\" class=\"elementor-element elementor-element-57b84b2 e-con-full e-flex e-con e-parent\" data-id=\"57b84b2\" data-element_type=\"container\" data-e-type=\"container\" data-settings=\"{&quot;background_background&quot;:&quot;classic&quot;,&quot;background_motion_fx_motion_fx_scrolling&quot;:&quot;yes&quot;,&quot;background_motion_fx_devices&quot;:[&quot;desktop&quot;,&quot;tablet&quot;,&quot;mobile&quot;]}\">\n\t\t\t\t<\/div>\n\t\t<div data-particle_enable=\"false\" data-particle-mobile-disabled=\"false\" class=\"elementor-element elementor-element-960c721 e-flex e-con-boxed e-con e-parent\" data-id=\"960c721\" data-element_type=\"container\" data-e-type=\"container\" data-settings=\"{&quot;background_background&quot;:&quot;classic&quot;}\">\n\t\t\t\t\t<div class=\"e-con-inner\">\n\t\t<div data-particle_enable=\"false\" data-particle-mobile-disabled=\"false\" class=\"elementor-element elementor-element-8d92763 e-con-full e-flex e-con e-child\" data-id=\"8d92763\" data-element_type=\"container\" data-e-type=\"container\" data-settings=\"{&quot;background_background&quot;:&quot;classic&quot;}\">\n\t\t<div data-particle_enable=\"false\" data-particle-mobile-disabled=\"false\" class=\"elementor-element elementor-element-1fedcf8 e-con-full e-flex e-con e-child\" data-id=\"1fedcf8\" data-element_type=\"container\" data-e-type=\"container\">\n\t\t\t\t<div class=\"elementor-element elementor-element-d0a59ff elementor-widget-divider--view-line_text elementor-widget-divider--element-align-center elementor-widget elementor-widget-divider\" data-id=\"d0a59ff\" data-element_type=\"widget\" data-e-type=\"widget\" data-widget_type=\"divider.default\">\n\t\t\t\t\t\t\t<div class=\"elementor-divider\">\n\t\t\t<span class=\"elementor-divider-separator\">\n\t\t\t\t\t\t\t<span class=\"elementor-divider__text elementor-divider__element\">\n\t\t\t\t2008'den beri\t\t\t\t<\/span>\n\t\t\t\t\t\t<\/span>\n\t\t<\/div>\n\t\t\t\t\t\t<\/div>\n\t\t\t\t<div class=\"elementor-element elementor-element-7172014 elementor-widget elementor-widget-heading\" data-id=\"7172014\" data-element_type=\"widget\" data-e-type=\"widget\" data-widget_type=\"heading.default\">\n\t\t\t\t\t<h2 class=\"elementor-heading-title elementor-size-default\">Global Part Company Hakk\u0131nda\n<\/h2>\t\t\t\t<\/div>\n\t\t\t\t<div class=\"elementor-element elementor-element-2bf5370 elementor-widget elementor-widget-heading\" data-id=\"2bf5370\" data-element_type=\"widget\" data-e-type=\"widget\" data-widget_type=\"heading.default\">\n\t\t\t\t\t<h2 class=\"elementor-heading-title elementor-size-default\">2008'den beri orijinal yar\u0131 iletkenlerin k\u00fcresel tedarik zinciri sa\u011flay\u0131c\u0131s\u0131\n<\/h2>\t\t\t\t<\/div>\n\t\t<div data-particle_enable=\"false\" data-particle-mobile-disabled=\"false\" class=\"elementor-element elementor-element-8fd78e7 e-con-full e-flex e-con e-child\" data-id=\"8fd78e7\" data-element_type=\"container\" data-e-type=\"container\">\n\t\t<div data-particle_enable=\"false\" data-particle-mobile-disabled=\"false\" class=\"elementor-element elementor-element-b687de6 e-con-full e-flex e-con e-child\" data-id=\"b687de6\" data-element_type=\"container\" data-e-type=\"container\">\n\t\t\t\t<div class=\"elementor-element elementor-element-9ca38cd elementor-widget elementor-widget-text-editor\" data-id=\"9ca38cd\" data-element_type=\"widget\" data-e-type=\"widget\" data-widget_type=\"text-editor.default\">\n\t\t\t\t\t\t\t\t\t<p>2008 y\u0131l\u0131nda \u0130stanbul\u2019da kurulan Global Part Company, yerel ve uluslararas\u0131 \u00fcreticilere orijinal elektronik bile\u015fenleri ithal edip tedarik etme misyonuyla kurulmu\u015ftur. Y\u0131llar i\u00e7inde Avrupa Birli\u011fi, T\u00fcrkiye, Hong Kong ve \u00f6tesindeki m\u00fc\u015fterilere hizmet veren, \u00f6nde gelen k\u00fcresel bir distrib\u00fct\u00f6re d\u00f6n\u00fc\u015ft\u00fck.<\/p><p>T\u00fcrkiye\u2019nin elektronik da\u011f\u0131t\u0131m sekt\u00f6r\u00fcndeki en iyi uygulamalardan\u2014Enov Elektronik ve Corbitel gibi firmalara benzer \u015fekilde\u2014yararlanarak, kaliteden \u00f6d\u00fcn vermeden h\u0131zl\u0131 ve g\u00fcvenilir elektronik bile\u015fen tedariki sa\u011fl\u0131yoruz.<\/p>\t\t\t\t\t\t\t\t<\/div>\n\t\t\t\t<\/div>\n\t\t<div data-particle_enable=\"false\" data-particle-mobile-disabled=\"false\" class=\"elementor-element elementor-element-47b5cfb e-con-full e-flex e-con e-child\" data-id=\"47b5cfb\" data-element_type=\"container\" data-e-type=\"container\">\n\t\t\t\t<div class=\"elementor-element elementor-element-8fa354c elementor-widget elementor-widget-image\" data-id=\"8fa354c\" data-element_type=\"widget\" data-e-type=\"widget\" data-widget_type=\"image.default\">\n\t\t\t\t\t\t\t\t\t\t\t\t\t\t\t<img fetchpriority=\"high\" decoding=\"async\" width=\"800\" height=\"533\" src=\"https:\/\/global-part.com\/tr\/wp-content\/uploads\/2025\/08\/Group-8-1024x682.jpg\" class=\"attachment-large size-large wp-image-114\" alt=\"\" srcset=\"https:\/\/global-part.com\/tr\/wp-content\/uploads\/2025\/08\/Group-8-1024x682.jpg 1024w, https:\/\/global-part.com\/tr\/wp-content\/uploads\/2025\/08\/Group-8-300x200.jpg 300w, https:\/\/global-part.com\/tr\/wp-content\/uploads\/2025\/08\/Group-8-768x511.jpg 768w, https:\/\/global-part.com\/tr\/wp-content\/uploads\/2025\/08\/Group-8.jpg 1200w\" sizes=\"(max-width: 800px) 100vw, 800px\" \/>\t\t\t\t\t\t\t\t\t\t\t\t\t\t\t<\/div>\n\t\t\t\t<\/div>\n\t\t\t\t<\/div>\n\t\t<div data-particle_enable=\"false\" data-particle-mobile-disabled=\"false\" class=\"elementor-element elementor-element-bb0ad09 e-con-full e-flex e-con e-child\" data-id=\"bb0ad09\" data-element_type=\"container\" data-e-type=\"container\">\n\t\t\t\t<div class=\"elementor-element elementor-element-b0b129f elementor-widget-divider--view-line_text elementor-widget-divider--element-align-left elementor-widget elementor-widget-divider\" data-id=\"b0b129f\" data-element_type=\"widget\" data-e-type=\"widget\" data-widget_type=\"divider.default\">\n\t\t\t\t\t\t\t<div class=\"elementor-divider\">\n\t\t\t<span class=\"elementor-divider-separator\">\n\t\t\t\t\t\t\t<span class=\"elementor-divider__text elementor-divider__element\">\n\t\t\t\tDa\u011f\u0131t\u0131m Markalar\u0131\t\t\t\t<\/span>\n\t\t\t\t\t\t<\/span>\n\t\t<\/div>\n\t\t\t\t\t\t<\/div>\n\t\t\t\t<div class=\"elementor-element elementor-element-17b1dc6 elementor-widget elementor-widget-image-carousel\" data-id=\"17b1dc6\" data-element_type=\"widget\" data-e-type=\"widget\" data-settings=\"{&quot;slides_to_show&quot;:&quot;5&quot;,&quot;slides_to_scroll&quot;:&quot;1&quot;,&quot;navigation&quot;:&quot;none&quot;,&quot;autoplay_speed&quot;:3000,&quot;image_spacing_custom&quot;:{&quot;unit&quot;:&quot;px&quot;,&quot;size&quot;:27,&quot;sizes&quot;:[]},&quot;slides_to_show_mobile&quot;:&quot;2&quot;,&quot;slides_to_scroll_mobile&quot;:&quot;2&quot;,&quot;autoplay&quot;:&quot;yes&quot;,&quot;infinite&quot;:&quot;yes&quot;,&quot;speed&quot;:500,&quot;image_spacing_custom_tablet&quot;:{&quot;unit&quot;:&quot;px&quot;,&quot;size&quot;:&quot;&quot;,&quot;sizes&quot;:[]},&quot;image_spacing_custom_mobile&quot;:{&quot;unit&quot;:&quot;px&quot;,&quot;size&quot;:&quot;&quot;,&quot;sizes&quot;:[]}}\" data-widget_type=\"image-carousel.default\">\n\t\t\t\t\t\t\t<div class=\"elementor-image-carousel-wrapper swiper\" role=\"region\" aria-roledescription=\"carousel\" aria-label=\"Image Carousel\" dir=\"ltr\">\n\t\t\t<div class=\"elementor-image-carousel swiper-wrapper swiper-image-stretch\" aria-live=\"off\">\n\t\t\t\t\t\t\t\t<div class=\"swiper-slide\" role=\"group\" aria-roledescription=\"slide\" aria-label=\"1 of 9\"><figure class=\"swiper-slide-inner\"><img decoding=\"async\" class=\"swiper-slide-image\" src=\"https:\/\/global-part.com\/tr\/wp-content\/uploads\/2025\/08\/Frame-47-300x142.png\" alt=\"Frame 47\" \/><\/figure><\/div><div class=\"swiper-slide\" role=\"group\" aria-roledescription=\"slide\" aria-label=\"2 of 9\"><figure class=\"swiper-slide-inner\"><img decoding=\"async\" class=\"swiper-slide-image\" src=\"https:\/\/global-part.com\/tr\/wp-content\/uploads\/2025\/08\/Frame-46-300x142.png\" alt=\"Frame 46\" \/><\/figure><\/div><div class=\"swiper-slide\" role=\"group\" aria-roledescription=\"slide\" aria-label=\"3 of 9\"><figure class=\"swiper-slide-inner\"><img decoding=\"async\" class=\"swiper-slide-image\" src=\"https:\/\/global-part.com\/tr\/wp-content\/uploads\/2025\/08\/Frame-45-300x142.png\" alt=\"Frame 45\" \/><\/figure><\/div><div class=\"swiper-slide\" role=\"group\" aria-roledescription=\"slide\" aria-label=\"4 of 9\"><figure class=\"swiper-slide-inner\"><img decoding=\"async\" class=\"swiper-slide-image\" src=\"https:\/\/global-part.com\/tr\/wp-content\/uploads\/2025\/08\/Frame-44-300x142.png\" alt=\"Frame 44\" \/><\/figure><\/div><div class=\"swiper-slide\" role=\"group\" aria-roledescription=\"slide\" aria-label=\"5 of 9\"><figure class=\"swiper-slide-inner\"><img decoding=\"async\" class=\"swiper-slide-image\" src=\"https:\/\/global-part.com\/tr\/wp-content\/uploads\/2025\/08\/Frame-49-300x142.png\" alt=\"Frame 49\" \/><\/figure><\/div><div class=\"swiper-slide\" role=\"group\" aria-roledescription=\"slide\" aria-label=\"6 of 9\"><figure class=\"swiper-slide-inner\"><img decoding=\"async\" class=\"swiper-slide-image\" src=\"https:\/\/global-part.com\/tr\/wp-content\/uploads\/2025\/08\/Frame-50-300x142.png\" alt=\"Frame 50\" \/><\/figure><\/div><div class=\"swiper-slide\" role=\"group\" aria-roledescription=\"slide\" aria-label=\"7 of 9\"><figure class=\"swiper-slide-inner\"><img decoding=\"async\" class=\"swiper-slide-image\" src=\"https:\/\/global-part.com\/tr\/wp-content\/uploads\/2025\/08\/Frame-52-300x142.png\" alt=\"Frame 52\" \/><\/figure><\/div><div class=\"swiper-slide\" role=\"group\" aria-roledescription=\"slide\" aria-label=\"8 of 9\"><figure class=\"swiper-slide-inner\"><img decoding=\"async\" class=\"swiper-slide-image\" src=\"https:\/\/global-part.com\/tr\/wp-content\/uploads\/2025\/08\/Frame-57-300x142.png\" alt=\"Frame 57\" \/><\/figure><\/div><div class=\"swiper-slide\" role=\"group\" aria-roledescription=\"slide\" aria-label=\"9 of 9\"><figure class=\"swiper-slide-inner\"><img decoding=\"async\" class=\"swiper-slide-image\" src=\"https:\/\/global-part.com\/tr\/wp-content\/uploads\/2025\/08\/Frame-56-300x142.png\" alt=\"Frame 56\" \/><\/figure><\/div>\t\t\t<\/div>\n\t\t\t\t\t\t\t\n\t\t\t\t\t\t\t\t\t<\/div>\n\t\t\t\t\t\t<\/div>\n\t\t\t\t<div class=\"elementor-element elementor-element-dbe4498 elementor-align-right elementor-widget elementor-widget-button\" data-id=\"dbe4498\" data-element_type=\"widget\" data-e-type=\"widget\" data-widget_type=\"button.default\">\n\t\t\t\t\t\t\t\t\t\t<a class=\"elementor-button elementor-button-link elementor-size-sm elementor-animation-pulse-grow\" href=\"https:\/\/global-part.com\/tr\/brands\/\">\n\t\t\t\t\t\t<span class=\"elementor-button-content-wrapper\">\n\t\t\t\t\t\t<span class=\"elementor-button-icon\">\n\t\t\t\t<svg aria-hidden=\"true\" class=\"e-font-icon-svg e-fas-angle-right\" viewBox=\"0 0 256 512\" xmlns=\"http:\/\/www.w3.org\/2000\/svg\"><path d=\"M224.3 273l-136 136c-9.4 9.4-24.6 9.4-33.9 0l-22.6-22.6c-9.4-9.4-9.4-24.6 0-33.9l96.4-96.4-96.4-96.4c-9.4-9.4-9.4-24.6 0-33.9L54.3 103c9.4-9.4 24.6-9.4 33.9 0l136 136c9.5 9.4 9.5 24.6.1 34z\"><\/path><\/svg>\t\t\t<\/span>\n\t\t\t\t\t\t\t\t\t<span class=\"elementor-button-text\">T\u00fcm 130 Markay\u0131 G\u00f6r\u00fcnt\u00fcle...<\/span>\n\t\t\t\t\t<\/span>\n\t\t\t\t\t<\/a>\n\t\t\t\t\t\t\t\t<\/div>\n\t\t\t\t<\/div>\n\t\t<div data-particle_enable=\"false\" data-particle-mobile-disabled=\"false\" class=\"elementor-element elementor-element-5bc4917 e-con-full e-flex e-con e-child\" data-id=\"5bc4917\" data-element_type=\"container\" data-e-type=\"container\" data-settings=\"{&quot;background_background&quot;:&quot;classic&quot;}\">\n\t\t\t\t<div class=\"elementor-element elementor-element-620a88c elementor-widget elementor-widget-heading\" data-id=\"620a88c\" data-element_type=\"widget\" data-e-type=\"widget\" data-widget_type=\"heading.default\">\n\t\t\t\t\t<h2 class=\"elementor-heading-title elementor-size-default\">\u2705 Neden Bizi Se\u00e7melisiniz\n<\/h2>\t\t\t\t<\/div>\n\t\t\t\t<div class=\"elementor-element elementor-element-5ac8417 elementor-widget elementor-widget-text-editor\" data-id=\"5ac8417\" data-element_type=\"widget\" data-e-type=\"widget\" data-widget_type=\"text-editor.default\">\n\t\t\t\t\t\t\t\t\t<ul data-start=\"511\" data-end=\"630\"><li data-start=\"511\" data-end=\"550\"><p>D\u00fcnya genelinde 100+ g\u00fcvenilir tedarik\u00e7i: diren\u00e7ler, kapasit\u00f6rler, diyotlar, transist\u00f6rler, entegre devreler (IC), kristaller (osilat\u00f6rler), end\u00fckt\u00f6rler (bobinler), konnekt\u00f6rler, sigortalar ve sens\u00f6rlerden mod\u00fcllere, kartlara, programlay\u0131c\u0131lara ve daha fazlas\u0131na kadar geni\u015f bir yelpazede orijinal bile\u015fenler sunuyoruz.<\/p><p>\u00a0<\/p><\/li><li data-start=\"511\" data-end=\"550\"><p>Ak\u0131ll\u0131 depo tesislerimizdeki haz\u0131r stoklar\u0131m\u0131z, sipari\u015flerin h\u0131zla kar\u015f\u0131lanmas\u0131n\u0131 ve h\u0131zl\u0131 teslimat\u0131 sa\u011flar.<\/p><p>\u00a0<\/p><\/li><li data-start=\"511\" data-end=\"550\"><p>AB, T\u00fcrkiye ve Hong Kong\u2019daki g\u00fc\u00e7l\u00fc acente a\u011flar\u0131m\u0131z, verimli k\u00fcresel sevkiyat ve lojisti\u011fi m\u00fcmk\u00fcn k\u0131lar.<\/p><\/li><\/ul>\t\t\t\t\t\t\t\t<\/div>\n\t\t\t\t<\/div>\n\t\t<div data-particle_enable=\"false\" data-particle-mobile-disabled=\"false\" class=\"elementor-element elementor-element-559b0fa e-con-full e-flex e-con e-child\" data-id=\"559b0fa\" data-element_type=\"container\" data-e-type=\"container\">\n\t\t<div data-particle_enable=\"false\" data-particle-mobile-disabled=\"false\" class=\"elementor-element elementor-element-97e8f0e e-con-full e-flex e-con e-child\" data-id=\"97e8f0e\" data-element_type=\"container\" data-e-type=\"container\">\n\t\t\t\t<div class=\"elementor-element elementor-element-2064ec7 elementor-widget elementor-widget-heading\" data-id=\"2064ec7\" data-element_type=\"widget\" data-e-type=\"widget\" data-widget_type=\"heading.default\">\n\t\t\t\t\t<h2 class=\"elementor-heading-title elementor-size-default\">\ud83c\udfaf Uzmanl\u0131k Alanlar\u0131m\u0131z\n<\/h2>\t\t\t\t<\/div>\n\t\t\t\t<\/div>\n\t\t<div data-particle_enable=\"false\" data-particle-mobile-disabled=\"false\" class=\"elementor-element elementor-element-a9246a9 e-con-full e-flex e-con e-child\" data-id=\"a9246a9\" data-element_type=\"container\" data-e-type=\"container\">\n\t\t\t\t<div class=\"elementor-element elementor-element-29be2f9 elementor-widget elementor-widget-text-editor\" data-id=\"29be2f9\" data-element_type=\"widget\" data-e-type=\"widget\" data-widget_type=\"text-editor.default\">\n\t\t\t\t\t\t\t\t\t<p>Bug\u00fcne dek, tasar\u0131mdan \u00fcretime kadar her a\u015famada m\u00fc\u015fterilerimizi destekleyerek, d\u00fczinelerceyi a\u015fk\u0131n \u00fcretim ve m\u00fchendislik \u015firketine hizmet verdik. Anahtar teslim hizmet paketimiz \u015funlar\u0131 i\u00e7erir:<\/p>\t\t\t\t\t\t\t\t<\/div>\n\t\t<div data-particle_enable=\"false\" data-particle-mobile-disabled=\"false\" class=\"elementor-element elementor-element-f89e9f4 e-con-full e-flex e-con e-child\" data-id=\"f89e9f4\" data-element_type=\"container\" data-e-type=\"container\">\n\t\t<div data-particle_enable=\"false\" data-particle-mobile-disabled=\"false\" class=\"elementor-element elementor-element-1ff0e78 e-con-full e-flex e-con e-child\" data-id=\"1ff0e78\" data-element_type=\"container\" data-e-type=\"container\">\n\t\t\t\t<div class=\"elementor-element elementor-element-c186fb2 elementor-icon-list--layout-traditional elementor-list-item-link-full_width elementor-widget elementor-widget-icon-list\" data-id=\"c186fb2\" data-element_type=\"widget\" data-e-type=\"widget\" data-widget_type=\"icon-list.default\">\n\t\t\t\t\t\t\t<ul class=\"elementor-icon-list-items\">\n\t\t\t\t\t\t\t<li class=\"elementor-icon-list-item\">\n\t\t\t\t\t\t\t\t\t\t\t<span class=\"elementor-icon-list-icon\">\n\t\t\t\t\t\t\t<svg aria-hidden=\"true\" class=\"e-font-icon-svg e-fas-long-arrow-alt-right\" viewBox=\"0 0 448 512\" xmlns=\"http:\/\/www.w3.org\/2000\/svg\"><path d=\"M313.941 216H12c-6.627 0-12 5.373-12 12v56c0 6.627 5.373 12 12 12h301.941v46.059c0 21.382 25.851 32.09 40.971 16.971l86.059-86.059c9.373-9.373 9.373-24.569 0-33.941l-86.059-86.059c-15.119-15.119-40.971-4.411-40.971 16.971V216z\"><\/path><\/svg>\t\t\t\t\t\t<\/span>\n\t\t\t\t\t\t\t\t\t\t<span class=\"elementor-icon-list-text\">PCB Tasar\u0131m\u0131 ve Montaj\u0131<\/span>\n\t\t\t\t\t\t\t\t\t<\/li>\n\t\t\t\t\t\t\t\t<li class=\"elementor-icon-list-item\">\n\t\t\t\t\t\t\t\t\t\t\t<span class=\"elementor-icon-list-icon\">\n\t\t\t\t\t\t\t<svg aria-hidden=\"true\" class=\"e-font-icon-svg e-fas-long-arrow-alt-right\" viewBox=\"0 0 448 512\" xmlns=\"http:\/\/www.w3.org\/2000\/svg\"><path d=\"M313.941 216H12c-6.627 0-12 5.373-12 12v56c0 6.627 5.373 12 12 12h301.941v46.059c0 21.382 25.851 32.09 40.971 16.971l86.059-86.059c9.373-9.373 9.373-24.569 0-33.941l-86.059-86.059c-15.119-15.119-40.971-4.411-40.971 16.971V216z\"><\/path><\/svg>\t\t\t\t\t\t<\/span>\n\t\t\t\t\t\t\t\t\t\t<span class=\"elementor-icon-list-text\">Kablo Demetleme ve Kablolama<\/span>\n\t\t\t\t\t\t\t\t\t<\/li>\n\t\t\t\t\t\t<\/ul>\n\t\t\t\t\t\t<\/div>\n\t\t\t\t<\/div>\n\t\t<div data-particle_enable=\"false\" data-particle-mobile-disabled=\"false\" class=\"elementor-element elementor-element-95567be e-con-full e-flex e-con e-child\" data-id=\"95567be\" data-element_type=\"container\" data-e-type=\"container\">\n\t\t\t\t<div class=\"elementor-element elementor-element-8d1c084 elementor-icon-list--layout-traditional elementor-list-item-link-full_width elementor-widget elementor-widget-icon-list\" data-id=\"8d1c084\" data-element_type=\"widget\" data-e-type=\"widget\" data-widget_type=\"icon-list.default\">\n\t\t\t\t\t\t\t<ul class=\"elementor-icon-list-items\">\n\t\t\t\t\t\t\t<li class=\"elementor-icon-list-item\">\n\t\t\t\t\t\t\t\t\t\t\t<span class=\"elementor-icon-list-icon\">\n\t\t\t\t\t\t\t<svg aria-hidden=\"true\" class=\"e-font-icon-svg e-fas-long-arrow-alt-right\" viewBox=\"0 0 448 512\" xmlns=\"http:\/\/www.w3.org\/2000\/svg\"><path d=\"M313.941 216H12c-6.627 0-12 5.373-12 12v56c0 6.627 5.373 12 12 12h301.941v46.059c0 21.382 25.851 32.09 40.971 16.971l86.059-86.059c9.373-9.373 9.373-24.569 0-33.941l-86.059-86.059c-15.119-15.119-40.971-4.411-40.971 16.971V216z\"><\/path><\/svg>\t\t\t\t\t\t<\/span>\n\t\t\t\t\t\t\t\t\t\t<span class=\"elementor-icon-list-text\">End\u00fcstriyel Teknik Ekipman<\/span>\n\t\t\t\t\t\t\t\t\t<\/li>\n\t\t\t\t\t\t\t\t<li class=\"elementor-icon-list-item\">\n\t\t\t\t\t\t\t\t\t\t\t<span class=\"elementor-icon-list-icon\">\n\t\t\t\t\t\t\t<svg aria-hidden=\"true\" class=\"e-font-icon-svg e-fas-long-arrow-alt-right\" viewBox=\"0 0 448 512\" xmlns=\"http:\/\/www.w3.org\/2000\/svg\"><path d=\"M313.941 216H12c-6.627 0-12 5.373-12 12v56c0 6.627 5.373 12 12 12h301.941v46.059c0 21.382 25.851 32.09 40.971 16.971l86.059-86.059c9.373-9.373 9.373-24.569 0-33.941l-86.059-86.059c-15.119-15.119-40.971-4.411-40.971 16.971V216z\"><\/path><\/svg>\t\t\t\t\t\t<\/span>\n\t\t\t\t\t\t\t\t\t\t<span class=\"elementor-icon-list-text\">Enerji Y\u00f6netimi \u00c7\u00f6z\u00fcmleri<\/span>\n\t\t\t\t\t\t\t\t\t<\/li>\n\t\t\t\t\t\t<\/ul>\n\t\t\t\t\t\t<\/div>\n\t\t\t\t<\/div>\n\t\t\t\t<\/div>\n\t\t\t\t<\/div>\n\t\t\t\t<\/div>\n\t\t\t\t<\/div>\n\t\t\t\t<\/div>\n\t\t\t\t\t<\/div>\n\t\t\t\t<\/div>\n\t\t<div data-particle_enable=\"false\" data-particle-mobile-disabled=\"false\" class=\"elementor-element elementor-element-5a92f30 e-flex e-con-boxed e-con e-parent\" data-id=\"5a92f30\" data-element_type=\"container\" data-e-type=\"container\">\n\t\t\t\t\t<div class=\"e-con-inner\">\n\t\t\t\t<div class=\"elementor-element elementor-element-4c07ab7 elementor-widget elementor-widget-heading\" data-id=\"4c07ab7\" data-element_type=\"widget\" data-e-type=\"widget\" data-widget_type=\"heading.default\">\n\t\t\t\t\t<h2 class=\"elementor-heading-title elementor-size-default\">Kaliteye Ba\u011fl\u0131l\u0131k\n<\/h2>\t\t\t\t<\/div>\n\t\t\t\t<div class=\"elementor-element elementor-element-811c4c2 elementor-widget elementor-widget-text-editor\" data-id=\"811c4c2\" data-element_type=\"widget\" data-e-type=\"widget\" data-widget_type=\"text-editor.default\">\n\t\t\t\t\t\t\t\t\t<ul><li data-start=\"1052\" data-end=\"1220\"><p>AB, T\u00fcrkiye ve Hong Kong genelinde stratejik olarak konumland\u0131r\u0131lm\u0131\u015f acenteler ve lojistik ortaklar\u0131yla \u00e7al\u0131\u015farak d\u00fcnya \u00e7ap\u0131nda g\u00fcvenli ve zaman\u0131nda teslimat sa\u011flar.<\/p><p>\u00a0<\/p><\/li><li data-start=\"1052\" data-end=\"1220\"><p>2008\u2019den beri \u0130stanbul\u2019dan elektronik par\u00e7alar\u0131n uluslararas\u0131 ihracat\u0131nda 15 y\u0131l\u0131 a\u015fk\u0131n deneyim.<\/p><\/li><\/ul>\t\t\t\t\t\t\t\t<\/div>\n\t\t\t\t\t<\/div>\n\t\t\t\t<\/div>\n\t\t\t\t<\/div>\n\t\t","protected":false},"excerpt":{"rendered":"<p>2008&#8217;den beri Global Part Company Hakk\u0131nda 2008&#8217;den beri orijinal yar\u0131 iletkenlerin k\u00fcresel tedarik zinciri sa\u011flay\u0131c\u0131s\u0131 2008 y\u0131l\u0131nda \u0130stanbul\u2019da kurulan Global Part Company, yerel ve uluslararas\u0131 \u00fcreticilere orijinal elektronik bile\u015fenleri ithal edip tedarik etme misyonuyla kurulmu\u015ftur. Y\u0131llar i\u00e7inde Avrupa Birli\u011fi, T\u00fcrkiye, Hong Kong ve \u00f6tesindeki m\u00fc\u015fterilere hizmet veren, \u00f6nde gelen k\u00fcresel bir distrib\u00fct\u00f6re d\u00f6n\u00fc\u015ft\u00fck. T\u00fcrkiye\u2019nin elektronik [&hellip;]<\/p>\n","protected":false},"author":1,"featured_media":0,"parent":0,"menu_order":0,"comment_status":"closed","ping_status":"closed","template":"","meta":{"footnotes":""},"class_list":["post-367","page","type-page","status-publish","hentry"],"_links":{"self":[{"href":"https:\/\/global-part.com\/tr\/wp-json\/wp\/v2\/pages\/367","targetHints":{"allow":["GET"]}}],"collection":[{"href":"https:\/\/global-part.com\/tr\/wp-json\/wp\/v2\/pages"}],"about":[{"href":"https:\/\/global-part.com\/tr\/wp-json\/wp\/v2\/types\/page"}],"author":[{"embeddable":true,"href":"https:\/\/global-part.com\/tr\/wp-json\/wp\/v2\/users\/1"}],"replies":[{"embeddable":true,"href":"https:\/\/global-part.com\/tr\/wp-json\/wp\/v2\/comments?post=367"}],"version-history":[{"count":46,"href":"https:\/\/global-part.com\/tr\/wp-json\/wp\/v2\/pages\/367\/revisions"}],"predecessor-version":[{"id":528,"href":"https:\/\/global-part.com\/tr\/wp-json\/wp\/v2\/pages\/367\/revisions\/528"}],"wp:attachment":[{"href":"https:\/\/global-part.com\/tr\/wp-json\/wp\/v2\/media?parent=367"}],"curies":[{"name":"wp","href":"https:\/\/api.w.org\/{rel}","templated":true}]}}